{"id":686,"date":"2016-09-01T10:22:34","date_gmt":"2016-09-01T08:22:34","guid":{"rendered":"http:\/\/prienamed.de\/de\/?page_id=686"},"modified":"2022-12-12T16:55:31","modified_gmt":"2022-12-12T15:55:31","slug":"lasertherapie","status":"publish","type":"page","link":"https:\/\/prienamed.de\/de\/aerztezentrum-prien\/diagnostik-therapie\/fachspezifisch\/spezielle-untersuchungsmethoden\/lasertherapie\/","title":{"rendered":"Lasertherapie"},"content":{"rendered":"<p>Wir bieten Ihnen eine hochmoderne Lasertechnologie, mit der folgende Behandlungen klinisch getestet, sicher und wirksam durchgef\u00fchrt werden k\u00f6nnen:<\/p>\n<ul>\n<li><a href=\"http:\/\/prienamed.de\/de\/wp-content\/uploads\/sites\/2\/2016\/09\/hair_removal_aug2013-1.pdf\" target=\"_blank\" rel=\"noopener noreferrer\">Haarentfernung<\/a><\/li>\n<li><a href=\"http:\/\/prienamed.de\/de\/wp-content\/uploads\/sites\/2\/2016\/09\/ndyag_jul2013.pdf\" target=\"_blank\" rel=\"noopener noreferrer\">Besenreiser<\/a><\/li>\n<li><a href=\"http:\/\/prienamed.de\/de\/wp-content\/uploads\/sites\/2\/2016\/09\/sun_damaged_skin_jul2013.pdf\" target=\"_blank\" rel=\"noopener noreferrer\">Sonnengesch\u00e4digte Haut<\/a><\/li>\n<li><a href=\"http:\/\/prienamed.de\/de\/wp-content\/uploads\/sites\/2\/2016\/09\/1PLT7082-A03_Thread_Veins_jul2013.pdf\" target=\"_blank\" rel=\"noopener noreferrer\">Erweiterete \u00c4derchen<\/a><\/li>\n<li>Akne<\/li>\n<li><a href=\"http:\/\/prienamed.de\/de\/wp-content\/uploads\/sites\/2\/2016\/09\/Ellipse_onycomicosis_PRINT.pdf\" target=\"_blank\" rel=\"noopener noreferrer\">Nagelpilz<\/a><\/li>\n<\/ul>\n<p>f\u00fcr weitere Informationen steht Ihnen jederzeit unser Dermatologe, Dr. (MU Budapest) Roger Vari zur Verf\u00fcgung. Oder schreiben Sie uns: <a href=\"mailto:kontakt@prienamed.de\">kontakt@prienamed.de<\/a><\/p>\n","protected":false},"excerpt":{"rendered":"Wir bieten Ihnen eine hochmoderne Lasertechnologie, mit der folgende Behandlungen klinisch getestet, sicher und wirksam durchgef\u00fchrt werden k\u00f6nnen: Haarentfernung Besenreiser Sonnengesch\u00e4digte Haut Erweiterete \u00c4derchen Akne Nagelpilz f\u00fcr weitere Informationen steht Ihnen jederzeit unser Dermatologe, Dr. (MU Budapest) Roger Vari zur Verf\u00fcgung. Oder schreiben Sie uns: kontakt@prienamed.de","protected":false},"author":2,"featured_media":0,"parent":231,"menu_order":0,"comment_status":"closed","ping_status":"closed","template":"page_priem.php","meta":{"footnotes":""},"class_list":["post-686","page","type-page","status-publish","hentry"],"_links":{"self":[{"href":"https:\/\/prienamed.de\/de\/wp-json\/wp\/v2\/pages\/686","targetHints":{"allow":["GET"]}}],"collection":[{"href":"https:\/\/prienamed.de\/de\/wp-json\/wp\/v2\/pages"}],"about":[{"href":"https:\/\/prienamed.de\/de\/wp-json\/wp\/v2\/types\/page"}],"author":[{"embeddable":true,"href":"https:\/\/prienamed.de\/de\/wp-json\/wp\/v2\/users\/2"}],"replies":[{"embeddable":true,"href":"https:\/\/prienamed.de\/de\/wp-json\/wp\/v2\/comments?post=686"}],"version-history":[{"count":9,"href":"https:\/\/prienamed.de\/de\/wp-json\/wp\/v2\/pages\/686\/revisions"}],"predecessor-version":[{"id":1586,"href":"https:\/\/prienamed.de\/de\/wp-json\/wp\/v2\/pages\/686\/revisions\/1586"}],"up":[{"embeddable":true,"href":"https:\/\/prienamed.de\/de\/wp-json\/wp\/v2\/pages\/231"}],"wp:attachment":[{"href":"https:\/\/prienamed.de\/de\/wp-json\/wp\/v2\/media?parent=686"}],"curies":[{"name":"wp","href":"https:\/\/api.w.org\/{rel}","templated":true}]}}