{"id":72,"date":"2016-07-25T15:26:34","date_gmt":"2016-07-25T13:26:34","guid":{"rendered":"http:\/\/prienamed.de\/de\/?page_id=72"},"modified":"2025-03-24T14:21:09","modified_gmt":"2025-03-24T13:21:09","slug":"dr-med-achim-eisenberger","status":"publish","type":"page","link":"https:\/\/prienamed.de\/de\/aerztezentrum-prien\/aerzte-der-praxisgemeinschaft\/dr-med-achim-eisenberger\/","title":{"rendered":"Dr. med. Achim Eisenberger"},"content":{"rendered":"<div class=\"textItem\">\n<p><b>Berufsbezeichnung:<br \/>\n<\/b>Facharzt f\u00fcr Orthop\u00e4die und Unfallchirurgie<\/p>\n<p><strong>Zusatzbezeichnungen:<br \/>\n<\/strong>Manuelle Medizin\/Chirotherapie, Sportmedizin, Naturheilverfahren, Akupunktur<\/p>\n<p>&nbsp;<\/p>\n<p><b>Spezialgebiete:<br \/>\n<\/b>Osteopathische Medizin (D.O.M.), Traditionelle Chinesische Medizin (CPC), Applied Kinesiology, Herd- und St\u00f6rfeldsuche, ganzheitliche Schmerztherapie<\/p>\n<p>D.O.M. (Diplom Osteopathische Medizin)<br \/>\nCPC (Certified Physician of Chinese Medicine)<\/p>\n<p><strong>Mitglied in folgenden Gesellschaften:<\/strong><\/p>\n<ul>\n<li>SMS: Societas Medicinae Sinensis<\/li>\n<li>DGOM: Deutsche Gesellschaft f\u00fcr Osteopathische Medizin e.V.<\/li>\n<li>DGMSM: Deutsche Gesellschaft f\u00fcr Muskuloskeletale Medizin e.V.<\/li>\n<li>D\u00c4GAK: Deutsche \u00c4rztegesellschaft f\u00fcr Applied Kinesiology<\/li>\n<li>DAF: Deutsche Assoziation f\u00fcr Fu\u00df- und Sprunggelenk e.V.<strong><br \/>\n<\/strong><\/li>\n<\/ul>\n<p>Schmerzen am Bewegungsapparat und Kopf k\u00f6nnen verschiedene Ursachen haben. Gr\u00fcnde daf\u00fcr sind z.B. ein Unfall, Verschlei\u00df (Arthrose), Funktionsst\u00f6rung (Fehlstatik) oder Entz\u00fcndung.<\/p>\n<p>Jedoch besteht auch die Option von St\u00f6rfeldern (z.B. Z\u00e4hne, Biss, Darmprobleme, Narben) mit negativem Einfluss auf den Bewegungsapparat und somit als Ausl\u00f6ser von Schmerz.<\/p>\n<p>Daher wird vor den o.g. Therapieoptionen (siehe Zusatzbezeichnungen\/Spezialgebiete) das Schmerzareal untersucht und gegebenenfalls auch das Umfeld und der gesamte Bewegungsapparat. Da auch mehrere Faktoren f\u00fcr den Schmerz verantwortlich sein k\u00f6nnen, ist eine ganzheitliche Behandlung sinnvoll.<\/p>\n<p>Abendtermine sind m\u00f6glich<br \/>\nTermine nur nach telefonischer Vereinbarung<br \/>\n<b>Anmeldung unter: 08051-9655-0, Fax: -110<\/b><\/p>\n<\/div>\n","protected":false},"excerpt":{"rendered":"Berufsbezeichnung: Facharzt f\u00fcr Orthop\u00e4die und Unfallchirurgie Zusatzbezeichnungen: Manuelle Medizin\/Chirotherapie, Sportmedizin, Naturheilverfahren, Akupunktur &nbsp; Spezialgebiete: Osteopathische Medizin (D.O.M.), Traditionelle Chinesische Medizin (CPC), Applied Kinesiology, Herd- und St\u00f6rfeldsuche, ganzheitliche Schmerztherapie D.O.M. (Diplom Osteopathische Medizin) CPC (Certified Physician of Chinese Medicine) Mitglied in folgenden Gesellschaften: SMS: Societas Medicinae Sinensis DGOM: Deutsche Gesellschaft f\u00fcr Osteopathische Medizin e.V. DGMSM: Deutsche","protected":false},"author":2,"featured_media":2136,"parent":23,"menu_order":0,"comment_status":"closed","ping_status":"closed","template":"page_doctor_priem.php","meta":{"footnotes":""},"class_list":["post-72","page","type-page","status-publish","has-post-thumbnail","hentry"],"_links":{"self":[{"href":"https:\/\/prienamed.de\/de\/wp-json\/wp\/v2\/pages\/72","targetHints":{"allow":["GET"]}}],"collection":[{"href":"https:\/\/prienamed.de\/de\/wp-json\/wp\/v2\/pages"}],"about":[{"href":"https:\/\/prienamed.de\/de\/wp-json\/wp\/v2\/types\/page"}],"author":[{"embeddable":true,"href":"https:\/\/prienamed.de\/de\/wp-json\/wp\/v2\/users\/2"}],"replies":[{"embeddable":true,"href":"https:\/\/prienamed.de\/de\/wp-json\/wp\/v2\/comments?post=72"}],"version-history":[{"count":18,"href":"https:\/\/prienamed.de\/de\/wp-json\/wp\/v2\/pages\/72\/revisions"}],"predecessor-version":[{"id":2623,"href":"https:\/\/prienamed.de\/de\/wp-json\/wp\/v2\/pages\/72\/revisions\/2623"}],"up":[{"embeddable":true,"href":"https:\/\/prienamed.de\/de\/wp-json\/wp\/v2\/pages\/23"}],"wp:featuredmedia":[{"embeddable":true,"href":"https:\/\/prienamed.de\/de\/wp-json\/wp\/v2\/media\/2136"}],"wp:attachment":[{"href":"https:\/\/prienamed.de\/de\/wp-json\/wp\/v2\/media?parent=72"}],"curies":[{"name":"wp","href":"https:\/\/api.w.org\/{rel}","templated":true}]}}