{"id":74,"date":"2016-07-25T15:30:26","date_gmt":"2016-07-25T13:30:26","guid":{"rendered":"http:\/\/prienamed.de\/de\/?page_id=74"},"modified":"2025-03-24T14:23:56","modified_gmt":"2025-03-24T13:23:56","slug":"dr-med-stefan-sesar","status":"publish","type":"page","link":"https:\/\/prienamed.de\/de\/aerztezentrum-prien\/aerzte-der-praxisgemeinschaft\/dr-med-stefan-sesar\/","title":{"rendered":"Dr. med. Stefan Sesar"},"content":{"rendered":"\r\n<p><strong>Berufsbezeichnung:<\/strong> Facharzt f\u00fcr Orthop\u00e4die und Unfallchirurgie<\/p>\r\n\r\n\r\n\r\n<p><strong>Zusatzbezeichnungen: <\/strong>Manuelle Medizin \/ Chirotherapie, Sportmedizin, Akupunktur<\/p>\r\n\r\n\r\n\r\n<p><strong>Spezialgebiete:<\/strong> Osteopathie, Applied Kinesiology\u00a0<\/p>\r\n\r\n\r\n\r\n<div class=\"wp-block-group\">\r\n<div class=\"wp-block-group__inner-container is-layout-flow wp-block-group-is-layout-flow\">\r\n<p><strong>Leistungsspektrum<\/strong>:<\/p>\r\n\r\n\r\n\r\n<p><strong>Wirbels\u00e4ule<\/strong><\/p>\r\n<\/div>\r\n<\/div>\r\n\r\n\r\n\r\n<ul class=\"wp-block-list\">\r\n<li>Schulter-Nacken Schmerz, Kopfschmerz, Migr\u00e4ne<\/li>\r\n<li>Kiefergelenksdysfunktionen<\/li>\r\n<li>Beckenschiefstellungen, Beinl\u00e4ngendifferenzen<\/li>\r\n<li>Kreuzschmerz, Bandscheibenverschlei\u00df, Bandscheibenvorfall<\/li>\r\n<li>Wirbelgelenksarthrose \/ Facettengelenksarthrose, Osteochondrose<\/li>\r\n<li>Spinalkanalstenose<\/li>\r\n<li>Skoliose<\/li>\r\n<\/ul>\r\n\r\n\r\n\r\n<p><strong>Schultergelenkbeschwerden<\/strong><\/p>\r\n\r\n\r\n\r\n<ul class=\"wp-block-list\">\r\n<li>Kalkschulter \/ Impingementsyndrom<\/li>\r\n<li>Schultersteife \/ frozen shoulder<\/li>\r\n<li>Rotatorenmanschettenverletzungen<\/li>\r\n<li>Schulterluxation\/Instabilit\u00e4t<\/li>\r\n<li>Schultereckgelenksverletzungen \/ -Athrose<\/li>\r\n<\/ul>\r\n\r\n\r\n\r\n<p><strong>Ellenbogengelenk- und Handbeschwerden<\/strong><\/p>\r\n\r\n\r\n\r\n<ul class=\"wp-block-list\">\r\n<li>Tennisarm, Golfarm<\/li>\r\n<li>CTS (Karpaltunnelsyndrom)<\/li>\r\n<li>Schnappfinger, Daumensattelgelenksarthrose<\/li>\r\n<\/ul>\r\n\r\n\r\n\r\n<p><strong>H\u00fcftgelenkbeschwerden<\/strong><\/p>\r\n\r\n\r\n\r\n<ul class=\"wp-block-list\">\r\n<li>Arthrose<\/li>\r\n<li>H\u00fcftdysplasie<\/li>\r\n<li>Impingementsyndrom<\/li>\r\n<\/ul>\r\n\r\n\r\n\r\n<p><strong>Kniegelenkbeschwerden<\/strong><\/p>\r\n\r\n\r\n\r\n<ul class=\"wp-block-list\">\r\n<li>Arthrose<\/li>\r\n<li>Bandverletzung<\/li>\r\n<li>Meniskussch\u00e4den<\/li>\r\n<li>Achsfehlstellung<\/li>\r\n<li>Kniescheibenfehlstellung \/-Luxation<\/li>\r\n<\/ul>\r\n\r\n\r\n\r\n<p><strong>Fu\u00df- und Sprunggelenkbeschwerden<\/strong><\/p>\r\n\r\n\r\n\r\n<ul class=\"wp-block-list\">\r\n<li>Achillessehnenreizung \/ Achillodynie<\/li>\r\n<li>Fersensporn<\/li>\r\n<li>Fu\u00dffehlstellungen<\/li>\r\n<li>Au\u00dfen- \/Innenbandverletzungen am Sprunggelenk<\/li>\r\n<li>Hallux valgus\/rigidus<\/li>\r\n<li>Hammer\/Krallenzeh<\/li>\r\n<\/ul>\r\n\r\n\r\n\r\n<p><strong>Sportverletzungen, Muskel- \/ Sehnenverletzungen<\/strong><\/p>\r\n\r\n\r\n\r\n<p><strong>Mitglied in folgenden Gesellschaften:<\/strong><\/p>\r\n\r\n\r\n\r\n<ul class=\"wp-block-list\">\r\n<li>Traditionelle Chinesische Akupunkturpraxis e.V.<\/li>\r\n<li>IMAK: Internationale \u00c4rztegesellschaft f\u00fcr Applied Kinesiology<\/li>\r\n<li>D\u00c4GAK: Deutsche \u00c4rztegesellschaft f\u00fcr Applied Kinesiology<\/li>\r\n<li>ICAK: International College of Applied Kinesiology<\/li>\r\n<li>DOK: Deutsches Osteopathie Kolleg<\/li>\r\n<\/ul>\r\n\r\n\r\n\r\n<p>Abendtermine sind m\u00f6glich.<br \/>Termine nur nach telefonischer Vereinbarung.<br \/><strong>Anmeldung unter 08051 \/ 9655-0, Fax: -110<\/strong><\/p>\r\n","protected":false},"excerpt":{"rendered":"Berufsbezeichnung: Facharzt f\u00fcr Orthop\u00e4die und Unfallchirurgie Zusatzbezeichnungen: Manuelle Medizin \/ Chirotherapie, Sportmedizin, Akupunktur Spezialgebiete: Osteopathie, Applied Kinesiology\u00a0 Leistungsspektrum: Wirbels\u00e4ule Schulter-Nacken Schmerz, Kopfschmerz, Migr\u00e4ne Kiefergelenksdysfunktionen Beckenschiefstellungen, Beinl\u00e4ngendifferenzen Kreuzschmerz, Bandscheibenverschlei\u00df, Bandscheibenvorfall Wirbelgelenksarthrose \/ Facettengelenksarthrose, Osteochondrose Spinalkanalstenose Skoliose Schultergelenkbeschwerden Kalkschulter \/ Impingementsyndrom Schultersteife \/ frozen shoulder Rotatorenmanschettenverletzungen Schulterluxation\/Instabilit\u00e4t Schultereckgelenksverletzungen \/ -Athrose Ellenbogengelenk- und Handbeschwerden Tennisarm, Golfarm CTS (Karpaltunnelsyndrom)","protected":false},"author":2,"featured_media":2157,"parent":23,"menu_order":0,"comment_status":"closed","ping_status":"closed","template":"page_doctor_priem.php","meta":{"footnotes":""},"class_list":["post-74","page","type-page","status-publish","has-post-thumbnail","hentry"],"_links":{"self":[{"href":"https:\/\/prienamed.de\/de\/wp-json\/wp\/v2\/pages\/74","targetHints":{"allow":["GET"]}}],"collection":[{"href":"https:\/\/prienamed.de\/de\/wp-json\/wp\/v2\/pages"}],"about":[{"href":"https:\/\/prienamed.de\/de\/wp-json\/wp\/v2\/types\/page"}],"author":[{"embeddable":true,"href":"https:\/\/prienamed.de\/de\/wp-json\/wp\/v2\/users\/2"}],"replies":[{"embeddable":true,"href":"https:\/\/prienamed.de\/de\/wp-json\/wp\/v2\/comments?post=74"}],"version-history":[{"count":24,"href":"https:\/\/prienamed.de\/de\/wp-json\/wp\/v2\/pages\/74\/revisions"}],"predecessor-version":[{"id":2624,"href":"https:\/\/prienamed.de\/de\/wp-json\/wp\/v2\/pages\/74\/revisions\/2624"}],"up":[{"embeddable":true,"href":"https:\/\/prienamed.de\/de\/wp-json\/wp\/v2\/pages\/23"}],"wp:featuredmedia":[{"embeddable":true,"href":"https:\/\/prienamed.de\/de\/wp-json\/wp\/v2\/media\/2157"}],"wp:attachment":[{"href":"https:\/\/prienamed.de\/de\/wp-json\/wp\/v2\/media?parent=74"}],"curies":[{"name":"wp","href":"https:\/\/api.w.org\/{rel}","templated":true}]}}