{"id":84,"date":"2016-07-25T15:27:27","date_gmt":"2016-07-25T13:27:27","guid":{"rendered":"http:\/\/prienamed.de\/de\/?page_id=84"},"modified":"2022-12-07T11:40:35","modified_gmt":"2022-12-07T10:40:35","slug":"dr-med-claudius-juergen-ladwig","status":"publish","type":"page","link":"https:\/\/prienamed.de\/de\/aerztezentrum-prien\/aerzte-der-praxisgemeinschaft\/dr-med-claudius-juergen-ladwig\/","title":{"rendered":"Dr. med. Claudius J\u00fcrgen Ladwig"},"content":{"rendered":"<div class=\"textItem\">\n<p><b>Berufsbezeichnung:<\/b> Facharzt f\u00fcr Augenheilkunde<br \/>\n<b>Spezialgebiete:<\/b> Traditionelle Chinesische Akupunktur, Applied Kinesiology, ganzheitliche Behandlung von Augenerkrankungen bei Glaukom (gr\u00fcnem Star), Maculadegeneration, Entz\u00fcndungen, trockenem Auge, Allergien, Fehlsichtigkeiten etc.<\/p>\n<p>Abendtermine sind m\u00f6glich.<br \/>\nTermine nur nach telefonischer Vereinbarung<br \/>\n<b>Anmeldung unter: 08051\/9655-0, Fax: -110<\/b><\/p>\n<\/div>\n","protected":false},"excerpt":{"rendered":"Berufsbezeichnung: Facharzt f\u00fcr Augenheilkunde Spezialgebiete: Traditionelle Chinesische Akupunktur, Applied Kinesiology, ganzheitliche Behandlung von Augenerkrankungen bei Glaukom (gr\u00fcnem Star), Maculadegeneration, Entz\u00fcndungen, trockenem Auge, Allergien, Fehlsichtigkeiten etc. Abendtermine sind m\u00f6glich. Termine nur nach telefonischer Vereinbarung Anmeldung unter: 08051\/9655-0, Fax: -110","protected":false},"author":2,"featured_media":2327,"parent":23,"menu_order":0,"comment_status":"closed","ping_status":"closed","template":"page_doctor_priem.php","meta":{"footnotes":""},"class_list":["post-84","page","type-page","status-publish","has-post-thumbnail","hentry"],"_links":{"self":[{"href":"https:\/\/prienamed.de\/de\/wp-json\/wp\/v2\/pages\/84","targetHints":{"allow":["GET"]}}],"collection":[{"href":"https:\/\/prienamed.de\/de\/wp-json\/wp\/v2\/pages"}],"about":[{"href":"https:\/\/prienamed.de\/de\/wp-json\/wp\/v2\/types\/page"}],"author":[{"embeddable":true,"href":"https:\/\/prienamed.de\/de\/wp-json\/wp\/v2\/users\/2"}],"replies":[{"embeddable":true,"href":"https:\/\/prienamed.de\/de\/wp-json\/wp\/v2\/comments?post=84"}],"version-history":[{"count":4,"href":"https:\/\/prienamed.de\/de\/wp-json\/wp\/v2\/pages\/84\/revisions"}],"predecessor-version":[{"id":2386,"href":"https:\/\/prienamed.de\/de\/wp-json\/wp\/v2\/pages\/84\/revisions\/2386"}],"up":[{"embeddable":true,"href":"https:\/\/prienamed.de\/de\/wp-json\/wp\/v2\/pages\/23"}],"wp:featuredmedia":[{"embeddable":true,"href":"https:\/\/prienamed.de\/de\/wp-json\/wp\/v2\/media\/2327"}],"wp:attachment":[{"href":"https:\/\/prienamed.de\/de\/wp-json\/wp\/v2\/media?parent=84"}],"curies":[{"name":"wp","href":"https:\/\/api.w.org\/{rel}","templated":true}]}}