{"id":86,"date":"2016-08-24T12:52:06","date_gmt":"2016-08-24T10:52:06","guid":{"rendered":"http:\/\/prienamed.de\/de\/?page_id=86"},"modified":"2022-11-28T10:03:10","modified_gmt":"2022-11-28T09:03:10","slug":"prof-dr-albert-schuetz","status":"publish","type":"page","link":"https:\/\/prienamed.de\/de\/aerztezentrum-prien\/aerzte-der-praxisgemeinschaft\/prof-dr-albert-schuetz\/","title":{"rendered":"Prof. Dr. med. Albert Sch\u00fctz"},"content":{"rendered":"<p><b>Berufsbezeichnung: <\/b>Facharzt f\u00fcr Herzchirurgie, Facharzt f\u00fcr Herz-, Thorax- und Gef\u00e4\u00dfchirurgie, Facharzt f\u00fcr Allgemeinchirurgie, Facharzt f\u00fcr Allgemeinmedizin<br><strong>Spezialgebiete: <\/strong>Herz-Kreislauf, Funktionelle Myodiagnostik<\/p>\n<p><strong>Stationen:<\/strong><\/p>\n<ul>\n<li>1998 &#8211; 2004 Leitung der Herzchirurgie der LMU M\u00fcnchen am Augustinum<\/li>\n<li>2004 &#8211; 2006 Deutsches Herzzentrum M\u00fcnchen, Leitung der Herztransplantation<\/li>\n<li>Von 2006 bis 2020 Chefarzt Fachzentrum f\u00fcr Herzchirurgie in der Sch\u00f6n Klinik Vogtareuth\n<p><b><\/b><\/p>\n<\/li>\n<\/ul>\n<p><b>Lehrt\u00e4tigkeit:<\/b> TU und LMU M\u00fcnchen<\/p>\n<p>Termine nach telefonischer Vereinbarung<br><b>Anmeldung unter: 08051\/9655-0, Fax: -110<\/b><\/p>\n<p><\/p>\n\n\n<p><\/p>\n","protected":false},"excerpt":{"rendered":"Berufsbezeichnung: Facharzt f\u00fcr Herzchirurgie, Facharzt f\u00fcr Herz-, Thorax- und Gef\u00e4\u00dfchirurgie, Facharzt f\u00fcr Allgemeinchirurgie, Facharzt f\u00fcr AllgemeinmedizinSpezialgebiete: Herz-Kreislauf, Funktionelle Myodiagnostik Stationen: 1998 &#8211; 2004 Leitung der Herzchirurgie der LMU M\u00fcnchen am Augustinum 2004 &#8211; 2006 Deutsches Herzzentrum M\u00fcnchen, Leitung der Herztransplantation Von 2006 bis 2020 Chefarzt Fachzentrum f\u00fcr Herzchirurgie in der Sch\u00f6n Klinik Vogtareuth Lehrt\u00e4tigkeit: TU","protected":false},"author":2,"featured_media":2123,"parent":23,"menu_order":0,"comment_status":"closed","ping_status":"closed","template":"page_doctor_priem.php","meta":{"footnotes":""},"class_list":["post-86","page","type-page","status-publish","has-post-thumbnail","hentry"],"_links":{"self":[{"href":"https:\/\/prienamed.de\/de\/wp-json\/wp\/v2\/pages\/86","targetHints":{"allow":["GET"]}}],"collection":[{"href":"https:\/\/prienamed.de\/de\/wp-json\/wp\/v2\/pages"}],"about":[{"href":"https:\/\/prienamed.de\/de\/wp-json\/wp\/v2\/types\/page"}],"author":[{"embeddable":true,"href":"https:\/\/prienamed.de\/de\/wp-json\/wp\/v2\/users\/2"}],"replies":[{"embeddable":true,"href":"https:\/\/prienamed.de\/de\/wp-json\/wp\/v2\/comments?post=86"}],"version-history":[{"count":11,"href":"https:\/\/prienamed.de\/de\/wp-json\/wp\/v2\/pages\/86\/revisions"}],"predecessor-version":[{"id":2124,"href":"https:\/\/prienamed.de\/de\/wp-json\/wp\/v2\/pages\/86\/revisions\/2124"}],"up":[{"embeddable":true,"href":"https:\/\/prienamed.de\/de\/wp-json\/wp\/v2\/pages\/23"}],"wp:featuredmedia":[{"embeddable":true,"href":"https:\/\/prienamed.de\/de\/wp-json\/wp\/v2\/media\/2123"}],"wp:attachment":[{"href":"https:\/\/prienamed.de\/de\/wp-json\/wp\/v2\/media?parent=86"}],"curies":[{"name":"wp","href":"https:\/\/api.w.org\/{rel}","templated":true}]}}