{"id":300,"date":"2016-09-09T10:08:56","date_gmt":"2016-09-09T08:08:56","guid":{"rendered":"http:\/\/prienamed.de\/en\/?page_id=300"},"modified":"2024-11-12T17:03:31","modified_gmt":"2024-11-12T16:03:31","slug":"impressum","status":"publish","type":"page","link":"https:\/\/prienamed.de\/en\/impressum\/","title":{"rendered":"Impressum"},"content":{"rendered":"<div class=\"textItem\">\n<p><b>\u00c4rztezentrum Prienamed Prien<\/b><\/p>\n<p><b><span class=\"arialbold\">Prof. Prof. h.c.\/ Shanghai Dr. TCM Dr. med. Harald Gumbiller<\/span><\/b><br \/>\n<span class=\"arial\">Facharzt f\u00fcr Orthop\u00e4die<\/span><br \/>\n<span class=\"arialbold\"><br \/>\n<b>Dr. med. Julia Gumbiller<\/b><\/span><br \/>\n<span class=\"arial\">Fach\u00e4rztin f\u00fcr Allgemeinmedizin<\/span><br \/>\n<b><\/b><\/p>\n<p><b><span class=\"arialbold\">Dr. med. Dirk Polonius<\/span><\/b><span class=\"arial\"><br \/>\nFacharzt f\u00fcr Physikalische und Rehabilitative Medizin<\/span><\/p>\n<p><b><span class=\"arialbold\">Dr. med. Wolfgang Schott<\/span><\/b><br \/>\n<span class=\"arial\">Facharzt f\u00fcr Hals-Nasen-Ohrenheilkunde<\/span><\/p>\n<p><b><span class=\"arialbold\">Dr. med. Stefan Sesar<\/span><\/b><br \/>\n<span class=\"arial\">Facharzt f\u00fcr Orthop\u00e4die und Unfallchirurgie<\/span><\/p>\n<p><span class=\"arial\"><b>Dr. med. Jens H\u00fcbner<br \/>\n<\/b>Facharzt f\u00fcr Orthop\u00e4die und Unfallchirurgie<\/span><\/p>\n<p><span class=\"arial\"><b>Dr. med. Achim Eisenberger<br \/>\n<\/b><\/span>Facharzt f\u00fcr Orthop\u00e4die und Unfallchirurgie<\/p>\n<p><span class=\"arial\"><b>Dr. med. (Univ. Banja-Luka) Amajla Kovacevic<\/b><\/span><span class=\"arial\"><b><br \/>\n<\/b>Fach\u00e4rztin f\u00fcr Innere Medizin<\/span><\/p>\n<p><strong>Dr. med. Ute Jahrsd\u00f6rfer<br \/>\n<\/strong>Fach\u00e4rztin f\u00fcr Urologie<\/p>\n<p><b><span class=\"arialbold\">dr. (MU Budapest) Roger Vari<\/span><br \/>\n<\/b><span class=\"arial\">Facharzt f\u00fcr Haut- und Geschlechtskrankheiten<\/span><\/p>\n<p><b>Dr. med. Claudius-J\u00fcrgen Ladwig<br \/>\n<\/b>Facharzt f\u00fcr Augenheilkunde<br \/>\n<b><\/b><\/p>\n<p><b><\/b><b>Prof. Dr. med. Albert Sch\u00fctz<\/b><br \/>\n<span class=\"arial\">Herzchirurg<\/span><\/p>\n<p><b><\/b><span class=\"arial\"><b><span class=\"arialboldgruen\">Diplompsychologe (univ.)\/Dipl. Syst. Coach <\/span><\/b><b><span class=\"arialboldgruen\">Stefan H. Heuel<\/span><\/b><\/span><\/p>\n<p><b><span class=\"arialboldgruen\">Berufsbezeichnung<\/span><\/b><br \/>\nDie \u00c4rzte des \u00c4rztezentrum Prienamed haben ihre Berufsbezeichnung \u2013 soweit nicht anders angegeben \u2013 in der Bundesrepublik Deutschland erworben<\/p>\n<p><b><span class=\"arialboldgruen\">Praxisanschrift<\/span><\/b><br \/>\nHarrasserstrasse 6<br \/>\n83209 Prien am Chiemsee<br \/>\nDeutschland<br \/>\nTelefon +49 \u2013(0) 8051 \u2013 96 55 -0<br \/>\nTelefax + 49 \u2013(0) 8051 \u2013 96 55 \u2013 110<br \/>\nE- Mail: <a href=\"mailto:kontakt@prienamed.de\">kontakt@prienamed.de<\/a><\/p>\n<p><b>\u00c4rztezentrum Prienamed M\u00fcnchen<\/b><\/p>\n<p><b><span class=\"arialboldgruen\">Dr. med. Kay Polonius<br \/>\n<\/span><\/b><span class=\"arialboldgruen\">Facharzt f\u00fcr Orthop\u00e4die<\/span><\/p>\n<p><b>Dr. med. Ralf Marx<\/b><br \/>\nArzt<\/p>\n<p><b>Dr. med. Dirk Polonius<\/b><br \/>\nFacharzt f\u00fcr Physikalische Rehabilitative Medizin<\/p>\n<p><b>Dr. med. Frank Kuhlmann<\/b><br \/>\nFacharzt f\u00fcr Innere Medizin<\/p>\n<p><b>Dr. med. Tanja Palladino<\/b><br \/>\nFach\u00e4rztin f\u00fcr Allgemeinmedizin<\/p>\n<p><span class=\"arialboldgruen\"><b>dr. (MU Budapest) Roger Vari<\/b><br \/>\nFacharzt f\u00fcr Haut- und Geschlechtskrankheiten<br \/>\n<\/span><\/p>\n<p><span class=\"arialboldgruen\"><b>Jonas Putzhammer<br \/>\n<\/b><\/span><span class=\"arialboldgruen\"><b><\/b>Arzt<\/span><\/p>\n<p><strong>Dr. Yvonne Darlong<br \/>\n<\/strong>\u00c4rztin<\/p>\n<p><span class=\"arialboldgruen\"><b>Praxisanschrift:<\/b><br \/>\nHansastr. 27e<br \/>\n81373 M\u00fcnchen<br \/>\nDeutschland<br \/>\nTelefon: +49-(0)89 62 02 199-0<br \/>\nTelefax: +49-(0)89 62 02 199-99<br \/>\nEmail: mail@prienamed.de<\/span><\/p>\n<p><b><span class=\"arialboldgruen\">Zust\u00e4ndige Kammer und Aufsichtsbeh\u00f6rde<\/span><\/b><br \/>\nBayerische Landes\u00e4rztekammer<br \/>\nM\u00fchlbaurstr.6<br \/>\n81677 M\u00fcnchen<br \/>\n<a href=\"http:\/\/www.blaek.de\/\" target=\"_blank\" rel=\"noopener noreferrer\">www.blaek.de<\/a><\/p>\n<p><b>Bayerische Landeszahn\u00e4rztekammer<\/b><br \/>\nFallstrasse 34<br \/>\n81369 M\u00fcnchen<br \/>\n<a href=\"http:\/\/www.kvb.de\/\" target=\"_blank\" rel=\"noopener noreferrer\">www.kvb.de<\/a><\/p>\n<p><strong>Geb\u00fchrenordnung f\u00fcr \u00c4rzte<\/strong><br \/>\naufrufbar unter: <a href=\"http:\/\/www.gesetze-im-internet.de\/go__1982\/BJNR015220982.html\" target=\"_blank\" rel=\"noopener noreferrer\">www.gesetze-im-internet.de\/go__1982\/BJNR015220982.html\u00a0<\/a><\/p>\n<p>Die Regelungen finden Sie in der Berufsordnung f\u00fcr die \u00c4rzte Bayerns, z.B. auf: <a href=\"_wp_link_placeholder\" data-wplink-edit=\"true\">https:\/\/www.blaek.de\/kammerrecht\/berufsordnung-fuer-die-aerzte-bayerns<\/a><\/p>\n<p><strong>Verantwortlich f\u00fcr den Inhalt:<br \/>\n<\/strong>Prof. Prof. h.c.\/Shanghai Dr. TCM Dr. med. Harald Gumbiller, Anschrift siehe oben.<\/p>\n<p><span class=\"arialboldgruen\"><b>Haftungshinweis<\/b><\/span><br \/>\nTrotz sorgf\u00e4ltiger inhaltlicher Kontrolle wird keine Haftung f\u00fcr die Inhalte externer Links \u00fcbernommen. F\u00fcr den Inhalt verlinkter Seiten sind ausschlie\u00dflich deren Betreiber verantwortlich. Der Inhalt der Seiten ist ausschlie\u00dflich zur Information bestimmt und ersetzt kein pers\u00f6nliches Gespr\u00e4ch mit dem Arzt.<\/p>\n<\/div>\n","protected":false},"excerpt":{"rendered":"\u00c4rztezentrum Prienamed Prien Prof. Prof. h.c.\/ Shanghai Dr. TCM Dr. med. Harald Gumbiller Facharzt f\u00fcr Orthop\u00e4die Dr. med. Julia Gumbiller Fach\u00e4rztin f\u00fcr Allgemeinmedizin Dr. med. Dirk Polonius Facharzt f\u00fcr Physikalische und Rehabilitative Medizin Dr. med. Wolfgang Schott Facharzt f\u00fcr Hals-Nasen-Ohrenheilkunde Dr. med. Stefan Sesar Facharzt f\u00fcr Orthop\u00e4die und Unfallchirurgie Dr. med. Jens H\u00fcbner Facharzt f\u00fcr","protected":false},"author":2,"featured_media":0,"parent":0,"menu_order":0,"comment_status":"closed","ping_status":"closed","template":"page_priem.php","meta":{"footnotes":""},"class_list":["post-300","page","type-page","status-publish","hentry"],"_links":{"self":[{"href":"https:\/\/prienamed.de\/en\/wp-json\/wp\/v2\/pages\/300","targetHints":{"allow":["GET"]}}],"collection":[{"href":"https:\/\/prienamed.de\/en\/wp-json\/wp\/v2\/pages"}],"about":[{"href":"https:\/\/prienamed.de\/en\/wp-json\/wp\/v2\/types\/page"}],"author":[{"embeddable":true,"href":"https:\/\/prienamed.de\/en\/wp-json\/wp\/v2\/users\/2"}],"replies":[{"embeddable":true,"href":"https:\/\/prienamed.de\/en\/wp-json\/wp\/v2\/comments?post=300"}],"version-history":[{"count":4,"href":"https:\/\/prienamed.de\/en\/wp-json\/wp\/v2\/pages\/300\/revisions"}],"predecessor-version":[{"id":749,"href":"https:\/\/prienamed.de\/en\/wp-json\/wp\/v2\/pages\/300\/revisions\/749"}],"wp:attachment":[{"href":"https:\/\/prienamed.de\/en\/wp-json\/wp\/v2\/media?parent=300"}],"curies":[{"name":"wp","href":"https:\/\/api.w.org\/{rel}","templated":true}]}}