{"id":345,"date":"2016-09-09T11:41:33","date_gmt":"2016-09-09T09:41:33","guid":{"rendered":"http:\/\/prienamed.de\/en\/?page_id=345"},"modified":"2016-10-24T11:32:59","modified_gmt":"2016-10-24T09:32:59","slug":"philipp-zeitler","status":"publish","type":"page","link":"https:\/\/prienamed.de\/en\/prienamed-medical-center-munich\/doctors-and-therapists\/philipp-zeitler\/","title":{"rendered":"Philipp Zeitler"},"content":{"rendered":"<p><strong>Job description:<\/strong> Dentist<\/p>\n<p><strong>Studies: <\/strong>1980-1985 Zahnmedizin in M\u00fcnchen<\/p>\n<p><strong>Dental activities:<br \/>\n<\/strong>1986 MKG Chirurgie M\u00fcnchen,<br \/>\n1987-1991 Sanit\u00e4tsakademie M\u00fcnchen<br \/>\n1991-2010 Praxis in Rott am Lech<br \/>\nSeit 2009 Prienamed<\/p>\n<p><strong>Areas of expertise:<br \/>\n<\/strong>-Applied Kinesiology<br \/>\n-Endodontie<br \/>\n-Akupunktur<br \/>\n-Kiefergelenkserkankung, CMD<br \/>\n-Schmerztherapie<br \/>\n-F.X. Mayr-Medizin<\/p>\n<p><strong>Member of:<br \/>\n<\/strong>-DGZMK<br \/>\n-DGFDT<br \/>\n-DGSS<br \/>\n-AAE<br \/>\n-IASP<br \/>\n-DGZENOD<br \/>\n-Societas Medicinae Sinensis<\/p>\n<p><strong>By appointment only:<\/strong><\/p>\n<p><strong>For appointment please call: 089\/6202199-0, Fax: -99<\/strong><\/p>\n","protected":false},"excerpt":{"rendered":"Job description: Dentist Studies: 1980-1985 Zahnmedizin in M\u00fcnchen Dental activities: 1986 MKG Chirurgie M\u00fcnchen, 1987-1991 Sanit\u00e4tsakademie M\u00fcnchen 1991-2010 Praxis in Rott am Lech Seit 2009 Prienamed Areas of expertise: -Applied Kinesiology -Endodontie -Akupunktur -Kiefergelenkserkankung, CMD -Schmerztherapie -F.X. Mayr-Medizin Member of: -DGZMK -DGFDT -DGSS -AAE -IASP -DGZENOD -Societas Medicinae Sinensis By appointment only: For appointment please","protected":false},"author":2,"featured_media":346,"parent":308,"menu_order":0,"comment_status":"closed","ping_status":"closed","template":"page_doctor_munich.php","meta":{"footnotes":""},"class_list":["post-345","page","type-page","status-publish","has-post-thumbnail","hentry"],"_links":{"self":[{"href":"https:\/\/prienamed.de\/en\/wp-json\/wp\/v2\/pages\/345","targetHints":{"allow":["GET"]}}],"collection":[{"href":"https:\/\/prienamed.de\/en\/wp-json\/wp\/v2\/pages"}],"about":[{"href":"https:\/\/prienamed.de\/en\/wp-json\/wp\/v2\/types\/page"}],"author":[{"embeddable":true,"href":"https:\/\/prienamed.de\/en\/wp-json\/wp\/v2\/users\/2"}],"replies":[{"embeddable":true,"href":"https:\/\/prienamed.de\/en\/wp-json\/wp\/v2\/comments?post=345"}],"version-history":[{"count":2,"href":"https:\/\/prienamed.de\/en\/wp-json\/wp\/v2\/pages\/345\/revisions"}],"predecessor-version":[{"id":654,"href":"https:\/\/prienamed.de\/en\/wp-json\/wp\/v2\/pages\/345\/revisions\/654"}],"up":[{"embeddable":true,"href":"https:\/\/prienamed.de\/en\/wp-json\/wp\/v2\/pages\/308"}],"wp:featuredmedia":[{"embeddable":true,"href":"https:\/\/prienamed.de\/en\/wp-json\/wp\/v2\/media\/346"}],"wp:attachment":[{"href":"https:\/\/prienamed.de\/en\/wp-json\/wp\/v2\/media?parent=345"}],"curies":[{"name":"wp","href":"https:\/\/api.w.org\/{rel}","templated":true}]}}